{"id":2,"date":"2023-01-25T12:32:10","date_gmt":"2023-01-25T12:32:10","guid":{"rendered":"https:\/\/lapidascanadas.com\/?page_id=2"},"modified":"2024-04-08T18:16:16","modified_gmt":"2024-04-08T18:16:16","slug":"sample-page","status":"publish","type":"page","link":"https:\/\/lapidascanadas.com\/","title":{"rendered":"Lapidas para nichos en Albacete"},"content":{"rendered":"\t\t<div data-elementor-type=\"wp-page\" data-elementor-id=\"2\" class=\"elementor elementor-2\" data-elementor-post-type=\"page\">\n\t\t\t\t<div class=\"elementor-element elementor-element-ab42797 e-flex e-con-boxed e-con e-parent\" data-id=\"ab42797\" data-element_type=\"container\" id=\"lapidas-funerarias-albacete\" data-core-v316-plus=\"true\">\n\t\t\t\t\t<div class=\"e-con-inner\">\n\t\t<div class=\"elementor-element elementor-element-68cfd5b e-con-full e-flex e-con e-child\" data-id=\"68cfd5b\" data-element_type=\"container\">\n\t\t\t\t<div class=\"elementor-element elementor-element-c5bd7d2 elementor-widget elementor-widget-heading\" data-id=\"c5bd7d2\" data-element_type=\"widget\" data-widget_type=\"heading.default\">\n\t\t\t\t<div class=\"elementor-widget-container\">\n\t\t\t<style>\/*! elementor - v3.20.0 - 26-03-2024 *\/\n.elementor-heading-title{padding:0;margin:0;line-height:1}.elementor-widget-heading .elementor-heading-title[class*=elementor-size-]>a{color:inherit;font-size:inherit;line-height:inherit}.elementor-widget-heading .elementor-heading-title.elementor-size-small{font-size:15px}.elementor-widget-heading .elementor-heading-title.elementor-size-medium{font-size:19px}.elementor-widget-heading .elementor-heading-title.elementor-size-large{font-size:29px}.elementor-widget-heading .elementor-heading-title.elementor-size-xl{font-size:39px}.elementor-widget-heading .elementor-heading-title.elementor-size-xxl{font-size:59px}<\/style><h2 class=\"elementor-heading-title elementor-size-default\">Lapidas Ca\u00f1adas<\/h2>\t\t<\/div>\n\t\t\t\t<\/div>\n\t\t\t\t<div class=\"elementor-element elementor-element-5d5766b elementor-widget elementor-widget-text-editor\" data-id=\"5d5766b\" data-element_type=\"widget\" data-widget_type=\"text-editor.default\">\n\t\t\t\t<div class=\"elementor-widget-container\">\n\t\t\t<style>\/*! elementor - v3.20.0 - 26-03-2024 *\/\n.elementor-widget-text-editor.elementor-drop-cap-view-stacked .elementor-drop-cap{background-color:#69727d;color:#fff}.elementor-widget-text-editor.elementor-drop-cap-view-framed .elementor-drop-cap{color:#69727d;border:3px solid;background-color:transparent}.elementor-widget-text-editor:not(.elementor-drop-cap-view-default) .elementor-drop-cap{margin-top:8px}.elementor-widget-text-editor:not(.elementor-drop-cap-view-default) .elementor-drop-cap-letter{width:1em;height:1em}.elementor-widget-text-editor .elementor-drop-cap{float:left;text-align:center;line-height:1;font-size:50px}.elementor-widget-text-editor .elementor-drop-cap-letter{display:inline-block}<\/style>\t\t\t\t<p>Bienvenido a\u00a0L\u00e1pidas Ca\u00f1adas, una empresa situada en Albacete y <b>especializada en fabricar\u00a0todo tipo de l\u00e1pidas funerarias.<\/b><\/p><p>Llevamos ya m\u00e1s de 15 a\u00f1os trabajando en el sector del arte funerario y <b>recomendada por las compa\u00f1\u00edas m\u00e1s importantes de decesos.\u00a0<\/b><\/p><p>Para poder desempe\u00f1ar toda nuestra labor diaria, nos ayudamos de la <b>tecnolog\u00eda m\u00e1s moderna y avanzada <\/b>en grabados y arte funerario.<\/p><p>Por supuesto tambi\u00e9n <b>contamos con los mejores escultores<\/b> que hay en el sector.<\/p>\t\t\t\t\t\t<\/div>\n\t\t\t\t<\/div>\n\t\t\t\t<\/div>\n\t\t\t\t<div class=\"elementor-element elementor-element-4f1ebee elementor-widget elementor-widget-image\" data-id=\"4f1ebee\" data-element_type=\"widget\" data-widget_type=\"image.default\">\n\t\t\t\t<div class=\"elementor-widget-container\">\n\t\t\t<style>\/*! elementor - v3.20.0 - 26-03-2024 *\/\n.elementor-widget-image{text-align:center}.elementor-widget-image a{display:inline-block}.elementor-widget-image a img[src$=\".svg\"]{width:48px}.elementor-widget-image img{vertical-align:middle;display:inline-block}<\/style>\t\t\t\t\t\t\t\t\t\t<img fetchpriority=\"high\" decoding=\"async\" width=\"1000\" height=\"922\" src=\"https:\/\/lapidascanadas.com\/wp-content\/uploads\/2024\/04\/lapidas-funerarias-en-Albacete.png\" class=\"attachment-large size-large wp-image-23\" alt=\"\" srcset=\"https:\/\/lapidascanadas.com\/wp-content\/uploads\/2024\/04\/lapidas-funerarias-en-Albacete.png 1000w, https:\/\/lapidascanadas.com\/wp-content\/uploads\/2024\/04\/lapidas-funerarias-en-Albacete-300x277.png 300w, https:\/\/lapidascanadas.com\/wp-content\/uploads\/2024\/04\/lapidas-funerarias-en-Albacete-768x708.png 768w\" sizes=\"(max-width: 1000px) 100vw, 1000px\" \/>\t\t\t\t\t\t\t\t\t\t\t\t\t<\/div>\n\t\t\t\t<\/div>\n\t\t\t\t\t<\/div>\n\t\t\t\t<\/div>\n\t\t<div class=\"elementor-element elementor-element-016a50a e-flex e-con-boxed e-con e-parent\" data-id=\"016a50a\" data-element_type=\"container\" data-core-v316-plus=\"true\">\n\t\t\t\t\t<div class=\"e-con-inner\">\n\t\t<div class=\"elementor-element elementor-element-8bcec27 e-con-full e-flex e-con e-child\" data-id=\"8bcec27\" data-element_type=\"container\">\n\t\t\t\t<div class=\"elementor-element elementor-element-eba39d2 elementor-widget elementor-widget-image\" data-id=\"eba39d2\" data-element_type=\"widget\" data-widget_type=\"image.default\">\n\t\t\t\t<div class=\"elementor-widget-container\">\n\t\t\t\t\t\t\t\t\t\t\t\t\t<img decoding=\"async\" width=\"1024\" height=\"682\" src=\"https:\/\/lapidascanadas.com\/wp-content\/uploads\/2024\/04\/clover-688836_1280-1024x682.jpg\" class=\"attachment-large size-large wp-image-38\" alt=\"\" srcset=\"https:\/\/lapidascanadas.com\/wp-content\/uploads\/2024\/04\/clover-688836_1280-1024x682.jpg 1024w, https:\/\/lapidascanadas.com\/wp-content\/uploads\/2024\/04\/clover-688836_1280-300x200.jpg 300w, https:\/\/lapidascanadas.com\/wp-content\/uploads\/2024\/04\/clover-688836_1280-768x512.jpg 768w, https:\/\/lapidascanadas.com\/wp-content\/uploads\/2024\/04\/clover-688836_1280.jpg 1280w\" sizes=\"(max-width: 1024px) 100vw, 1024px\" \/>\t\t\t\t\t\t\t\t\t\t\t\t\t<\/div>\n\t\t\t\t<\/div>\n\t\t\t\t<\/div>\n\t\t<div class=\"elementor-element elementor-element-08c11d0 e-con-full e-flex e-con e-child\" data-id=\"08c11d0\" data-element_type=\"container\">\n\t\t\t\t<div class=\"elementor-element elementor-element-ce46feb elementor-widget elementor-widget-text-editor\" data-id=\"ce46feb\" data-element_type=\"widget\" data-widget_type=\"text-editor.default\">\n\t\t\t\t<div class=\"elementor-widget-container\">\n\t\t\t\t\t\t\t<p>Nuestra forma de trabajar se centra, fundamentalmente, en <b>la calidad y en el m\u00e1ximo respeto al cliente.<\/b><\/p>\n<p>Tenemos muy en cuenta sus ideas y deseos. Cualquiera de nuestros profesionales estar\u00e1 <b>a su disposici\u00f3n para ayudarle <\/b>en todo lo que necesite.<\/p>\n<div id=\"c2365\" class=\"col col-sm-12 col-lg-3 col-md-6\">\n<div class=\"module text\">\n<p class=\"lightbodytext\">Somos <b>profesionales del arte funerario<\/b> con experiencia y con vocaci\u00f3n de ayudar a todos los clientes que necesiten de nuestros servicios.<\/p>\n<\/div>\n<\/div>\t\t\t\t\t\t<\/div>\n\t\t\t\t<\/div>\n\t\t\t\t<\/div>\n\t\t\t\t\t<\/div>\n\t\t\t\t<\/div>\n\t\t<div class=\"elementor-element elementor-element-1c0ec3a e-flex e-con-boxed e-con e-parent\" data-id=\"1c0ec3a\" data-element_type=\"container\" id=\"catalogo-de-lapidas-funerarias-albacete\" data-core-v316-plus=\"true\">\n\t\t\t\t\t<div class=\"e-con-inner\">\n\t\t<div class=\"elementor-element elementor-element-6146946 e-con-full e-flex e-con e-child\" data-id=\"6146946\" data-element_type=\"container\">\n\t\t\t\t<div class=\"elementor-element elementor-element-404e876 elementor-widget elementor-widget-heading\" data-id=\"404e876\" data-element_type=\"widget\" data-widget_type=\"heading.default\">\n\t\t\t\t<div class=\"elementor-widget-container\">\n\t\t\t<h2 class=\"elementor-heading-title elementor-size-default\">Catalogo de L\u00e1pidas Funerarias<\/h2>\t\t<\/div>\n\t\t\t\t<\/div>\n\t\t\t\t<div class=\"elementor-element elementor-element-b1a3d13 elementor-widget elementor-widget-text-editor\" data-id=\"b1a3d13\" data-element_type=\"widget\" data-widget_type=\"text-editor.default\">\n\t\t\t\t<div class=\"elementor-widget-container\">\n\t\t\t\t\t\t\t<p>Desde L\u00e1pidas Ca\u00f1adas ponemos a su disposici\u00f3n un amplio <strong>cat\u00e1logo de l\u00e1pidas para nichos<\/strong>,\u00a0<strong>sarc\u00f3fagos<\/strong>,\u00a0<strong>panteones, encimeras, trabajos en granito y otros accesorios propios del arte funerario en m\u00e1rmol, bronce o porcelana.<\/strong><\/p>\n<p>Cons\u00faltenos para que le presentemos un <b>amplio cat\u00e1logo<\/b>, con el fin de que pueda ver todo lo que tenemos para ofrecerle.\u00a0<\/p>\t\t\t\t\t\t<\/div>\n\t\t\t\t<\/div>\n\t\t\t\t<\/div>\n\t\t<div class=\"elementor-element elementor-element-4973362 e-con-full e-flex e-con e-child\" data-id=\"4973362\" data-element_type=\"container\">\n\t\t\t\t<div class=\"elementor-element elementor-element-7a76101 elementor-widget elementor-widget-image\" data-id=\"7a76101\" data-element_type=\"widget\" data-widget_type=\"image.default\">\n\t\t\t\t<div class=\"elementor-widget-container\">\n\t\t\t\t\t\t\t\t\t\t\t\t\t<img decoding=\"async\" width=\"1024\" height=\"674\" src=\"https:\/\/lapidascanadas.com\/wp-content\/uploads\/2024\/04\/angel-2331377_1280-1024x674.jpg\" class=\"attachment-large size-large wp-image-49\" alt=\"\" srcset=\"https:\/\/lapidascanadas.com\/wp-content\/uploads\/2024\/04\/angel-2331377_1280-1024x674.jpg 1024w, https:\/\/lapidascanadas.com\/wp-content\/uploads\/2024\/04\/angel-2331377_1280-300x198.jpg 300w, https:\/\/lapidascanadas.com\/wp-content\/uploads\/2024\/04\/angel-2331377_1280-768x506.jpg 768w, https:\/\/lapidascanadas.com\/wp-content\/uploads\/2024\/04\/angel-2331377_1280.jpg 1280w\" sizes=\"(max-width: 1024px) 100vw, 1024px\" \/>\t\t\t\t\t\t\t\t\t\t\t\t\t<\/div>\n\t\t\t\t<\/div>\n\t\t\t\t<\/div>\n\t\t\t\t\t<\/div>\n\t\t\t\t<\/div>\n\t\t<div class=\"elementor-element elementor-element-53ad70e e-flex e-con-boxed e-con e-parent\" data-id=\"53ad70e\" data-element_type=\"container\" id=\"grabado-de-lapidas-para-nichos-albacete\" data-core-v316-plus=\"true\">\n\t\t\t\t\t<div class=\"e-con-inner\">\n\t\t<div class=\"elementor-element elementor-element-b72e149 e-con-full e-flex e-con e-child\" data-id=\"b72e149\" data-element_type=\"container\">\n\t\t\t\t<div class=\"elementor-element elementor-element-4d99d63 elementor-widget elementor-widget-image\" data-id=\"4d99d63\" data-element_type=\"widget\" data-widget_type=\"image.default\">\n\t\t\t\t<div class=\"elementor-widget-container\">\n\t\t\t\t\t\t\t\t\t\t\t\t\t<img loading=\"lazy\" decoding=\"async\" width=\"1024\" height=\"682\" src=\"https:\/\/lapidascanadas.com\/wp-content\/uploads\/2024\/04\/gothic-3602017_1280-1024x682.jpg\" class=\"attachment-large size-large wp-image-50\" alt=\"\" srcset=\"https:\/\/lapidascanadas.com\/wp-content\/uploads\/2024\/04\/gothic-3602017_1280-1024x682.jpg 1024w, https:\/\/lapidascanadas.com\/wp-content\/uploads\/2024\/04\/gothic-3602017_1280-300x200.jpg 300w, https:\/\/lapidascanadas.com\/wp-content\/uploads\/2024\/04\/gothic-3602017_1280-768x512.jpg 768w, https:\/\/lapidascanadas.com\/wp-content\/uploads\/2024\/04\/gothic-3602017_1280.jpg 1280w\" sizes=\"(max-width: 1024px) 100vw, 1024px\" \/>\t\t\t\t\t\t\t\t\t\t\t\t\t<\/div>\n\t\t\t\t<\/div>\n\t\t\t\t<\/div>\n\t\t<div class=\"elementor-element elementor-element-a381d88 e-con-full e-flex e-con e-child\" data-id=\"a381d88\" data-element_type=\"container\">\n\t\t\t\t<div class=\"elementor-element elementor-element-6acecb0 elementor-widget elementor-widget-heading\" data-id=\"6acecb0\" data-element_type=\"widget\" data-widget_type=\"heading.default\">\n\t\t\t\t<div class=\"elementor-widget-container\">\n\t\t\t<h2 class=\"elementor-heading-title elementor-size-default\">Grabado de L\u00e1pidas<\/h2>\t\t<\/div>\n\t\t\t\t<\/div>\n\t\t\t\t<div class=\"elementor-element elementor-element-843e0f2 elementor-widget elementor-widget-text-editor\" data-id=\"843e0f2\" data-element_type=\"widget\" data-widget_type=\"text-editor.default\">\n\t\t\t\t<div class=\"elementor-widget-container\">\n\t\t\t\t\t\t\t<p>Cada vez son m\u00e1s los clientes que se ponen en contacto con nosotros para que les ayudemos. Cada vez son m\u00e1s <b>los que conf\u00edan en nuestra labor profesional.<\/b><\/p>\n<p>Si quiere ver algunos de los trabajos que ya hemos realizado, entonces le animamos a que contacte con nosotros y pueda comprobar las multiples posibilidades que le ofrecemos de acabados y <b>grabados en l\u00e1pidas para nichos<\/b> y tallados de <b>marmoles y granitos\u00a0 a medida <\/b>en arte funerario.<\/p>\t\t\t\t\t\t<\/div>\n\t\t\t\t<\/div>\n\t\t\t\t<\/div>\n\t\t\t\t\t<\/div>\n\t\t\t\t<\/div>\n\t\t<div class=\"elementor-element elementor-element-ff74564 e-flex e-con-boxed e-con e-parent\" data-id=\"ff74564\" data-element_type=\"container\" data-core-v316-plus=\"true\">\n\t\t\t\t\t<div class=\"e-con-inner\">\n\t\t\t\t\t<\/div>\n\t\t\t\t<\/div>\n\t\t\t\t<\/div>\n\t\t","protected":false},"excerpt":{"rendered":"<p>Lapidas Ca\u00f1adas Bienvenido a\u00a0L\u00e1pidas Ca\u00f1adas, una empresa situada en Albacete y especializada en fabricar\u00a0todo tipo de l\u00e1pidas funerarias. Llevamos ya m\u00e1s de 15 a\u00f1os trabajando en el sector del arte funerario y recomendada por las compa\u00f1\u00edas m\u00e1s importantes de decesos.\u00a0 Para poder desempe\u00f1ar toda nuestra labor diaria, nos ayudamos de la tecnolog\u00eda m\u00e1s moderna y &#8230; <a title=\"Lapidas para nichos en Albacete\" class=\"read-more\" href=\"https:\/\/lapidascanadas.com\/\" aria-label=\"Leer m\u00e1s sobre Lapidas para nichos en Albacete\">Leer m\u00e1s<\/a><\/p>\n","protected":false},"author":1,"featured_media":0,"parent":0,"menu_order":0,"comment_status":"closed","ping_status":"open","template":"","meta":{"footnotes":""},"class_list":["post-2","page","type-page","status-publish"],"_links":{"self":[{"href":"https:\/\/lapidascanadas.com\/index.php\/wp-json\/wp\/v2\/pages\/2","targetHints":{"allow":["GET"]}}],"collection":[{"href":"https:\/\/lapidascanadas.com\/index.php\/wp-json\/wp\/v2\/pages"}],"about":[{"href":"https:\/\/lapidascanadas.com\/index.php\/wp-json\/wp\/v2\/types\/page"}],"author":[{"embeddable":true,"href":"https:\/\/lapidascanadas.com\/index.php\/wp-json\/wp\/v2\/users\/1"}],"replies":[{"embeddable":true,"href":"https:\/\/lapidascanadas.com\/index.php\/wp-json\/wp\/v2\/comments?post=2"}],"version-history":[{"count":64,"href":"https:\/\/lapidascanadas.com\/index.php\/wp-json\/wp\/v2\/pages\/2\/revisions"}],"predecessor-version":[{"id":106,"href":"https:\/\/lapidascanadas.com\/index.php\/wp-json\/wp\/v2\/pages\/2\/revisions\/106"}],"wp:attachment":[{"href":"https:\/\/lapidascanadas.com\/index.php\/wp-json\/wp\/v2\/media?parent=2"}],"curies":[{"name":"wp","href":"https:\/\/api.w.org\/{rel}","templated":true}]}}